{"id":688,"date":"2020-11-18T15:14:16","date_gmt":"2020-11-18T15:14:16","guid":{"rendered":"https:\/\/sporteque-drummondville.ca\/?page_id=688"},"modified":"2020-12-09T17:21:35","modified_gmt":"2020-12-09T17:21:35","slug":"touring-ski","status":"publish","type":"page","link":"https:\/\/sporteque-drummondville.com\/en\/touring-ski\/","title":{"rendered":"Touring Ski"},"content":{"rendered":"\n<h1 class=\"wp-block-heading\"><strong>Explore Our<\/strong> High Road Ski <strong>Gear<\/strong><\/h1>\n\n\n\n<ul><li>Gloves<\/li><li>Sunglasses<\/li><li>Long Underwear<\/li><li>Balaclavas<\/li><li>Mitts<\/li><li>Pants &amp; Jackets<\/li><li>Googles<\/li><li>Headbands<\/li><li>Neck Warmers<\/li><li>Pinch Nose Protectors<\/li><li>Socks<\/li><li>Hats<\/li><li>Poles<\/li><li>Bandanas<\/li><li>Ski Keys<\/li><li>Hand &amp; Feet Warmers<\/li><li>Helmets<\/li><li>Sweaters<\/li><li>Freestyle Skis<\/li><li>Freeride Skis<\/li><li>Backcountry skis<\/li><li>Skis de haute route<\/li><li>Peaux d&#8217;ascension pour ski haute route<\/li><li>B\u00e2tons t\u00e9lescopique de ski haute route<\/li><li>Casques pour le ski haute route<\/li><li>Bottes de ski haute route<\/li><li>T\u00e9l\u00e9mark hors-piste<\/li><li>Splitboard haute route (snowboard)<\/li><li>Mat\u00e9riel de s\u00e9curit\u00e9 en avalanche aussi disponible<\/li><li>Fixation pour la marche de Type Low Tech (fixations de touring)<\/li><\/ul>\n\n\n\n<p><span class=\"More\"><strong>AND MORE<\/strong><\/span><\/p>\n\n\n\n<p>VISIT OUR SKI SHOP<\/p>\n\n\n\n<div style=\"height:40px\" aria-hidden=\"true\" class=\"wp-block-spacer\"><\/div>\n\n\n\n<p><a href=\"https:\/\/sporteque.ca\/en\/\" class=\"WBbutton\" target=\"_blank\" rel=\"noopener noreferrer nofollow\">SHOP ONLINE <span class=\"fas fa-shopping-cart\"><\/span><\/a><\/p>\n","protected":false},"excerpt":{"rendered":"<p>Explore Our High Road Ski Gear Gloves Sunglasses Long Underwear Balaclavas Mitts Pants &amp; Jackets Googles Headbands Neck Warmers Pinch Nose Protectors Socks Hats Poles Bandanas Ski Keys Hand &amp; Feet Warmers Helmets Sweaters Freestyle Skis Freeride Skis Backcountry skis Skis de haute route Peaux d&#8217;ascension pour ski haute route B\u00e2tons t\u00e9lescopique de ski haute [&hellip;]<\/p>\n","protected":false},"author":1,"featured_media":601,"parent":0,"menu_order":0,"comment_status":"closed","ping_status":"closed","template":"page-products.php","meta":{"footnotes":""},"_links":{"self":[{"href":"https:\/\/sporteque-drummondville.com\/en\/wp-json\/wp\/v2\/pages\/688"}],"collection":[{"href":"https:\/\/sporteque-drummondville.com\/en\/wp-json\/wp\/v2\/pages"}],"about":[{"href":"https:\/\/sporteque-drummondville.com\/en\/wp-json\/wp\/v2\/types\/page"}],"author":[{"embeddable":true,"href":"https:\/\/sporteque-drummondville.com\/en\/wp-json\/wp\/v2\/users\/1"}],"replies":[{"embeddable":true,"href":"https:\/\/sporteque-drummondville.com\/en\/wp-json\/wp\/v2\/comments?post=688"}],"version-history":[{"count":2,"href":"https:\/\/sporteque-drummondville.com\/en\/wp-json\/wp\/v2\/pages\/688\/revisions"}],"predecessor-version":[{"id":719,"href":"https:\/\/sporteque-drummondville.com\/en\/wp-json\/wp\/v2\/pages\/688\/revisions\/719"}],"wp:featuredmedia":[{"embeddable":true,"href":"https:\/\/sporteque-drummondville.com\/en\/wp-json\/wp\/v2\/media\/601"}],"wp:attachment":[{"href":"https:\/\/sporteque-drummondville.com\/en\/wp-json\/wp\/v2\/media?parent=688"}],"curies":[{"name":"wp","href":"https:\/\/api.w.org\/{rel}","templated":true}]}}